{"id":294,"date":"2016-11-11T12:33:11","date_gmt":"2016-11-11T11:33:11","guid":{"rendered":"http:\/\/cepronda.com\/blog\/?page_id=294"},"modified":"2016-11-11T12:33:11","modified_gmt":"2016-11-11T11:33:11","slug":"presentaciones","status":"publish","type":"page","link":"https:\/\/cepronda.com\/blog\/redes-profesionales\/presentaciones\/","title":{"rendered":"Presentaciones"},"content":{"rendered":"<p><span style=\"color: #333333;\">En esta p\u00e1gina podr\u00e1s encontrar las distintas presentaciones que usan las personas ponentes de los distintos cursos que vamos haciendo. As\u00ed las pod\u00e9is seguir teniendo como referencia para resolver cualquier duda que teng\u00e1is.<\/span><\/p>\n<div class=\"osc-res-tab tabbable   osc-tabs-left\"><div style=\"clear:both;width: 100%;\"><ul class=\"nav osc-res-nav nav-pills osc-tabs-left-ul\" id=\"oscitas-restabs-1-presentaciones-88935\"><li class=\"active\"><a href=\"#ert_pane1-0\" data-toggle=\"tab\">Evaluaci\u00f3n mediante r\u00fabricas<\/a><\/li><li class=\"\"><a href=\"#ert_pane1-1\" data-toggle=\"tab\">Google Apps for education<\/a><\/li><li class=\"\"><a href=\"#ert_pane1-2\" data-toggle=\"tab\">Profesorado Novel Secundaria<\/a><\/li><li class=\"\"><a href=\"#ert_pane1-3\" data-toggle=\"tab\">Descubriendo las matem\u00e1ticas<\/a><\/li><li class=\"\"><a href=\"#ert_pane1-4\" data-toggle=\"tab\">Altas Capacidades <\/a><\/li><li class=\"\"><a href=\"#ert_pane1-5\" data-toggle=\"tab\">Cuaderno S\u00e9neca<\/a><\/li><li class=\"\"><a href=\"#ert_pane1-6\" data-toggle=\"tab\">Pr\u00f3ximos cursos<\/a><\/li><li class=\"\"><a href=\"#ert_pane1-7\" data-toggle=\"tab\">Pr\u00f3ximos cursos<\/a><\/li><li class=\"\"><a href=\"#ert_pane1-8\" data-toggle=\"tab\">Pr\u00f3ximos cursos<\/a><\/li><li class=\"\"><a href=\"#ert_pane1-9\" data-toggle=\"tab\">Pr\u00f3ximos cursos<\/a><\/li><\/ul><\/div><div style=\"clear:both;width: 100%;\"><ul class=\"tab-content\" id=\"oscitas-restabcontent-1-presentaciones-88935\"><li class=\"tab-pane active\" id=\"ert_pane1-0\"><\/p>\n<p><a href=\"https:\/\/prezi.com\/lg8gtha0dzep\/rubricas-cep\/?utm_campaign=share&amp;utm_medium=copy#\" target=\"_blank\"><img data-recalc-dims=\"1\" loading=\"lazy\" decoding=\"async\" class=\"aligncenter wp-image-297 \" src=\"https:\/\/i0.wp.com\/cepronda.com\/blog\/wp-content\/uploads\/2016\/11\/Prezi.png?resize=153%2C88\" alt=\"Prezi de &quot;Evaluaci\u00f3n mediante r\u00fabricas&quot;\" width=\"153\" height=\"88\" \/><\/a><\/p>\n<table style=\"height: 241px;\" width=\"22\">\n<tbody>\n<tr>\n<td style=\"text-align: center;\" width=\"243\"><\/td>\n<td style=\"text-align: center;\" width=\"113\"><\/td>\n<td style=\"text-align: center;\" width=\"219\"><\/td>\n<\/tr>\n<tr>\n<td style=\"text-align: center;\" width=\"243\">\n<h3><strong>\u00a0<\/strong><\/h3>\n<\/td>\n<td style=\"text-align: center;\" width=\"113\"><\/td>\n<td width=\"219\"><\/td>\n<\/tr>\n<tr>\n<td width=\"243\"><\/td>\n<td style=\"text-align: center;\" width=\"113\"><\/td>\n<td width=\"219\">\u00a0<a href=\"https:\/\/www.genial.ly\/View\/Index\/5642f90e1561e80e24cd295c\" target=\"_blank\"><br \/>\n<\/a><\/td>\n<\/tr>\n<tr>\n<td width=\"243\"><strong><strong>\u00a0<\/strong><\/strong><\/p>\n<h3><strong>\u00a0<\/strong><\/h3>\n<\/td>\n<td style=\"text-align: center;\" width=\"113\"><\/td>\n<td width=\"219\"><\/td>\n<\/tr>\n<tr>\n<td width=\"243\"><\/td>\n<td style=\"text-align: center;\" width=\"113\"><\/td>\n<\/tr>\n<\/tbody>\n<\/table>\n<p><\/li><li class=\"tab-pane \" id=\"ert_pane1-1\"><a href=\"https:\/\/drive.google.com\/file\/d\/0B3r1-XbVYiEkTjk0ODhsbFNWUDA\/view?usp=sharing\" target=\"_blank\"><img data-recalc-dims=\"1\" loading=\"lazy\" decoding=\"async\" class=\"aligncenter wp-image-90\" src=\"https:\/\/i0.wp.com\/cepronda.com\/blog\/wp-content\/uploads\/2016\/09\/pdf-peque%C3%B1o-150x150.png?resize=118%2C118\" alt=\"Presentaci\u00f3n 1\u00aa sesi\u00f3n\" width=\"118\" height=\"118\" \/><\/a><a href=\"https:\/\/drive.google.com\/file\/d\/0B3r1-XbVYiEkMjFsREpMMUhRaTA\/view?usp=sharing\" target=\"_blank\"><img data-recalc-dims=\"1\" loading=\"lazy\" decoding=\"async\" class=\"aligncenter wp-image-90\" src=\"https:\/\/i0.wp.com\/cepronda.com\/blog\/wp-content\/uploads\/2016\/09\/pdf-peque%C3%B1o.png?resize=113%2C113\" alt=\"pdf-pequeno\" width=\"113\" height=\"113\" \/><\/a><a href=\"https:\/\/drive.google.com\/file\/d\/0B3r1-XbVYiEkdm1uRmI0MlctVGc\/view?usp=sharing\" target=\"_blank\"><img data-recalc-dims=\"1\" loading=\"lazy\" decoding=\"async\" class=\"aligncenter wp-image-90\" src=\"https:\/\/i0.wp.com\/cepronda.com\/blog\/wp-content\/uploads\/2016\/09\/pdf-peque%C3%B1o.png?resize=120%2C120\" alt=\"pdf-pequeno\" width=\"120\" height=\"120\" \/><\/a>.<\/li><li class=\"tab-pane \" id=\"ert_pane1-2\"><a href=\"https:\/\/www.genial.ly\/View\/Index\/5642f90e1561e80e24cd295c\" target=\"_blank\"><img data-recalc-dims=\"1\" loading=\"lazy\" decoding=\"async\" class=\"aligncenter wp-image-326\" src=\"https:\/\/i0.wp.com\/cepronda.com\/blog\/wp-content\/uploads\/2016\/11\/logo-genialy.png?resize=262%2C104\" alt=\"logo-genialy\" width=\"262\" height=\"104\" \/><\/a>.<\/li><li class=\"tab-pane \" id=\"ert_pane1-3\"><a href=\"https:\/\/drive.google.com\/file\/d\/0B3r1-XbVYiEkbzZPa1E4Y1dEa2c\/view\" target=\"_blank\"><img data-recalc-dims=\"1\" loading=\"lazy\" decoding=\"async\" class=\"aligncenter wp-image-90\" src=\"https:\/\/i0.wp.com\/cepronda.com\/blog\/wp-content\/uploads\/2016\/09\/pdf-peque%C3%B1o.png?resize=158%2C158\" width=\"158\" height=\"158\" \/><\/a><\/p>\n<p>.<\/li><li class=\"tab-pane \" id=\"ert_pane1-4\"><a href=\"https:\/\/drive.google.com\/file\/d\/0B3r1-XbVYiEkdXJSTHV4Q29kMEE\/view\" target=\"_blank\"><img data-recalc-dims=\"1\" loading=\"lazy\" decoding=\"async\" class=\"aligncenter wp-image-90\" src=\"https:\/\/i0.wp.com\/cepronda.com\/blog\/wp-content\/uploads\/2016\/09\/pdf-peque%C3%B1o.png?resize=143%2C143\" width=\"143\" height=\"143\" \/><\/a>\u00a0<a href=\"https:\/\/drive.google.com\/file\/d\/0B3r1-XbVYiEkMXZXX3prbnlwTFE\/view\" target=\"_blank\"><img data-recalc-dims=\"1\" loading=\"lazy\" decoding=\"async\" class=\"aligncenter wp-image-90\" src=\"https:\/\/i0.wp.com\/cepronda.com\/blog\/wp-content\/uploads\/2016\/09\/pdf-peque%C3%B1o.png?resize=167%2C167\" width=\"167\" height=\"167\" \/><\/a><\/p>\n<p><a href=\"https:\/\/drive.google.com\/file\/d\/0B3r1-XbVYiEkRF8yS2lPOFlDZWM\/view\" target=\"_blank\"><img data-recalc-dims=\"1\" loading=\"lazy\" decoding=\"async\" class=\"aligncenter wp-image-90\" src=\"https:\/\/i0.wp.com\/cepronda.com\/blog\/wp-content\/uploads\/2016\/09\/pdf-peque%C3%B1o.png?resize=169%2C169\" width=\"169\" height=\"169\" \/><\/a>\u00a0<a href=\"https:\/\/drive.google.com\/file\/d\/0B3r1-XbVYiEkektQbXpycTVMWk0\/view\" target=\"_blank\"><img data-recalc-dims=\"1\" loading=\"lazy\" decoding=\"async\" class=\"aligncenter wp-image-90 \" src=\"https:\/\/i0.wp.com\/cepronda.com\/blog\/wp-content\/uploads\/2016\/09\/pdf-peque%C3%B1o.png?resize=169%2C169\" width=\"169\" height=\"169\" \/><\/a><\/p>\n<p>.<\/li><li class=\"tab-pane \" id=\"ert_pane1-5\"><a href=\"https:\/\/drive.google.com\/file\/d\/0B3r1-XbVYiEkR0ZnS1hPMFliczA\/view\" target=\"_blank\"><img data-recalc-dims=\"1\" loading=\"lazy\" decoding=\"async\" class=\"aligncenter wp-image-90\" src=\"https:\/\/i0.wp.com\/cepronda.com\/blog\/wp-content\/uploads\/2016\/09\/pdf-peque%C3%B1o.png?resize=172%2C172\" width=\"172\" height=\"172\" \/><\/a>.<\/li><li class=\"tab-pane \" id=\"ert_pane1-6\">Tab 7 content goes here.<\/li><li class=\"tab-pane \" id=\"ert_pane1-7\">Tab 8 content goes here.<\/li><li class=\"tab-pane \" id=\"ert_pane1-8\">Tab 9 content goes here.<\/li><li class=\"tab-pane \" id=\"ert_pane1-9\">Tab 10 content goes here.<\/li><\/ul><\/div><\/div>\n<p>&nbsp;<\/p>\n","protected":false},"excerpt":{"rendered":"<p>En esta p\u00e1gina podr\u00e1s encontrar las distintas presentaciones que usan las personas ponentes de los distintos cursos que vamos haciendo. As\u00ed las pod\u00e9is seguir teniendo como referencia para resolver cualquier duda que teng\u00e1is. &nbsp;<\/p>\n","protected":false},"author":3,"featured_media":0,"parent":60,"menu_order":0,"comment_status":"closed","ping_status":"closed","template":"","meta":{"_crdt_document":"","advanced_seo_description":"","jetpack_seo_html_title":"","jetpack_seo_noindex":false,"jetpack_post_was_ever_published":false,"footnotes":""},"class_list":["post-294","page","type-page","status-publish","czr-hentry"],"jetpack_shortlink":"https:\/\/wp.me\/P8M4X7-4K","jetpack-related-posts":[],"jetpack_sharing_enabled":true,"_links":{"self":[{"href":"https:\/\/cepronda.com\/blog\/wp-json\/wp\/v2\/pages\/294","targetHints":{"allow":["GET"]}}],"collection":[{"href":"https:\/\/cepronda.com\/blog\/wp-json\/wp\/v2\/pages"}],"about":[{"href":"https:\/\/cepronda.com\/blog\/wp-json\/wp\/v2\/types\/page"}],"author":[{"embeddable":true,"href":"https:\/\/cepronda.com\/blog\/wp-json\/wp\/v2\/users\/3"}],"replies":[{"embeddable":true,"href":"https:\/\/cepronda.com\/blog\/wp-json\/wp\/v2\/comments?post=294"}],"version-history":[{"count":0,"href":"https:\/\/cepronda.com\/blog\/wp-json\/wp\/v2\/pages\/294\/revisions"}],"up":[{"embeddable":true,"href":"https:\/\/cepronda.com\/blog\/wp-json\/wp\/v2\/pages\/60"}],"wp:attachment":[{"href":"https:\/\/cepronda.com\/blog\/wp-json\/wp\/v2\/media?parent=294"}],"curies":[{"name":"wp","href":"https:\/\/api.w.org\/{rel}","templated":true}]}}