{"id":1234,"date":"2017-09-15T13:22:26","date_gmt":"2017-09-15T11:22:26","guid":{"rendered":"http:\/\/cepronda.com\/blog\/?page_id=1234"},"modified":"2017-09-15T13:22:26","modified_gmt":"2017-09-15T11:22:26","slug":"juegos-didacticos","status":"publish","type":"page","link":"https:\/\/cepronda.com\/blog\/juegos-didacticos\/","title":{"rendered":"Juegos did\u00e1cticos"},"content":{"rendered":"<p>[ngg_images source=\u00bbgalleries\u00bb container_ids=\u00bb2&#8243; display_type=\u00bbphotocrati-nextgen_basic_thumbnails\u00bb override_thumbnail_settings=\u00bb0&#8243; thumbnail_width=\u00bb240&#8243; thumbnail_height=\u00bb160&#8243; thumbnail_crop=\u00bb1&#8243; images_per_page=\u00bb20&#8243; number_of_columns=\u00bb0&#8243; ajax_pagination=\u00bb0&#8243; show_all_in_lightbox=\u00bb0&#8243; use_imagebrowser_effect=\u00bb0&#8243; show_slideshow_link=\u00bb1&#8243; slideshow_link_text=\u00bb[Mostrar presentaci\u00f3n de diapositivas]\u00bb order_by=\u00bbsortorder\u00bb order_direction=\u00bbASC\u00bb returns=\u00bbincluded\u00bb maximum_entity_count=\u00bb500&#8243;]<\/p>\n<p>&nbsp;<\/p>\n<p>Estos son una serie de juegos did\u00e1cticos que tenemos a vuestra disposici\u00f3n para pr\u00e9stamo y que los pod\u00e1is usar con vuestro alumnado. S\u00f3lo ten\u00e9is que pasaros por el CEP y preguntar por Helena Gonz\u00e1lez, y podr\u00e9is verlos y si es necesario aprender c\u00f3mo se juega.&nbsp;<\/p>\n","protected":false},"excerpt":{"rendered":"<p>[ngg_images source=\u00bbgalleries\u00bb container_ids=\u00bb2&#8243; display_type=\u00bbphotocrati-nextgen_basic_thumbnails\u00bb override_thumbnail_settings=\u00bb0&#8243; thumbnail_width=\u00bb240&#8243; thumbnail_height=\u00bb160&#8243; thumbnail_crop=\u00bb1&#8243; images_per_page=\u00bb20&#8243; number_of_columns=\u00bb0&#8243; ajax_pagination=\u00bb0&#8243; show_all_in_lightbox=\u00bb0&#8243; use_imagebrowser_effect=\u00bb0&#8243; show_slideshow_link=\u00bb1&#8243; slideshow_link_text=\u00bb[Mostrar presentaci\u00f3n de diapositivas]\u00bb order_by=\u00bbsortorder\u00bb order_direction=\u00bbASC\u00bb returns=\u00bbincluded\u00bb maximum_entity_count=\u00bb500&#8243;] &nbsp; Estos son una serie de juegos did\u00e1cticos que tenemos a vuestra disposici\u00f3n para pr\u00e9stamo y que los pod\u00e1is usar con vuestro alumnado. S\u00f3lo ten\u00e9is que pasaros por el CEP y preguntar por [&hellip;]<\/p>\n","protected":false},"author":3,"featured_media":0,"parent":0,"menu_order":0,"comment_status":"closed","ping_status":"closed","template":"","meta":{"_crdt_document":"","advanced_seo_description":"","jetpack_seo_html_title":"","jetpack_seo_noindex":false,"jetpack_post_was_ever_published":false,"footnotes":""},"class_list":["post-1234","page","type-page","status-publish","czr-hentry"],"jetpack_shortlink":"https:\/\/wp.me\/P8M4X7-jU","jetpack-related-posts":[],"jetpack_sharing_enabled":true,"_links":{"self":[{"href":"https:\/\/cepronda.com\/blog\/wp-json\/wp\/v2\/pages\/1234","targetHints":{"allow":["GET"]}}],"collection":[{"href":"https:\/\/cepronda.com\/blog\/wp-json\/wp\/v2\/pages"}],"about":[{"href":"https:\/\/cepronda.com\/blog\/wp-json\/wp\/v2\/types\/page"}],"author":[{"embeddable":true,"href":"https:\/\/cepronda.com\/blog\/wp-json\/wp\/v2\/users\/3"}],"replies":[{"embeddable":true,"href":"https:\/\/cepronda.com\/blog\/wp-json\/wp\/v2\/comments?post=1234"}],"version-history":[{"count":2,"href":"https:\/\/cepronda.com\/blog\/wp-json\/wp\/v2\/pages\/1234\/revisions"}],"predecessor-version":[{"id":1264,"href":"https:\/\/cepronda.com\/blog\/wp-json\/wp\/v2\/pages\/1234\/revisions\/1264"}],"wp:attachment":[{"href":"https:\/\/cepronda.com\/blog\/wp-json\/wp\/v2\/media?parent=1234"}],"curies":[{"name":"wp","href":"https:\/\/api.w.org\/{rel}","templated":true}]}}